{"id":980,"date":"2018-05-21T10:15:26","date_gmt":"2018-05-21T07:15:26","guid":{"rendered":"http:\/\/tapiolankeilahalli.fi.www33.zoner-asiakas.fi\/?page_id=980"},"modified":"2021-02-04T18:03:44","modified_gmt":"2021-02-04T15:03:44","slug":"tietosuojaseloste","status":"publish","type":"page","link":"https:\/\/tapiolankeilahalli.fi\/en\/tietosuojaseloste\/","title":{"rendered":"Tietosuojaseloste"},"content":{"rendered":"<p>&nbsp;<\/p>\n<h2>Kaatolupa Oy:n tietosuojaseloste<\/h2>\n<p>&nbsp;<\/p>\n<p>T\u00e4ss\u00e4 tietosuojaselosteessa kuvataan, miten Kaatolupa Oy k\u00e4sittelee nykyisten ja potentiaalisten<br \/>\nsek\u00e4 palvelujaan k\u00e4ytt\u00e4vien asiakkaiden henkil\u00f6tietoja asiakassuhdetoiminnassaan.<br \/>\nKaatolupa Oy sitoutuu Suomessa voimassaolevaa tietosuoja- ja henkil\u00f6lains\u00e4\u00e4d\u00e4nt\u00f6\u00e4, EU:n<br \/>\ntietosuoja-asetusta sek\u00e4 muita toimintaan sovellettavia lakeja ja s\u00e4\u00e4d\u00f6ksi\u00e4.<\/p>\n<p><span style=\"font-size: 14pt;\"><strong>Rekisterinpit\u00e4j\u00e4<\/strong><\/span><br \/>\nRekisterinpit\u00e4j\u00e4n\u00e4 toimii Kaatolupa Oy, y-tunnus 2302974-6<br \/>\nRatsukatu 3, 02100 Espoo.<br \/>\nEdustaja rekisteriin liittyviss\u00e4 asioissa<br \/>\nRekisteriin ja rekister\u00f6idyn oikeuksien k\u00e4ytt\u00f6\u00f6n liittyviss\u00e4<br \/>\nasioissa rekisterinpit\u00e4j\u00e4n edustaja on Jaana Puhakka, 0400-<br \/>\n618959, jaana.puhakka@kaatolupa.fi<\/p>\n<p><span style=\"font-size: 14pt;\"><strong>Rekisterin nimi<\/strong><\/span><br \/>\nKaatolupa Oy:n asiakasrekisteri<\/p>\n<p><span style=\"font-size: 14pt;\"><strong>Henkil\u00f6tietojen k\u00e4sittelyn oikeusperuste<\/strong><\/span><br \/>\nAsiakasrekisteriss\u00e4 olevien henkil\u00f6tietojen k\u00e4sittely perustuu<br \/>\nrekister\u00f6idyn antamaan suostumukseen, rekisterinpit\u00e4j\u00e4n<br \/>\noikeutettuun etuun tai sopimukseen asiakassuhteessa<br \/>\nKaatolupa Oy:n kanssa.<\/p>\n<p><span style=\"font-size: 14pt;\"><strong>Henkil\u00f6tietojen k\u00e4sittelyn tarkoitukset<\/strong><\/span><br \/>\nAsiakasrekisteriss\u00e4 olevien henkil\u00f6tietojen k\u00e4ytet\u00e4\u00e4n<br \/>\nasiakassuhteen hoitamiseen ja kehitt\u00e4miseen, tilastollisen<br \/>\nanalyysin laatimiseen, asiakassuhdeviestint\u00e4\u00e4n, asiakkaan<br \/>\ntekemien keilarata- ja tilavarausten k\u00e4sittelyyn, keilahallin<br \/>\nkausikaappi- ja hyllypaikan vuokrausrekisterin yll\u00e4pit\u00e4miseen,<br \/>\npalveluiden myyntiin, maksamiseen, laskutukseen ja<br \/>\nmaksujen valvontaan, palvelujen myyntiin- ja markkinointiin<br \/>\nsek\u00e4 rekisterinpit\u00e4j\u00e4n liiketoiminnan suunnittelemiseen ja<br \/>\nkehitt\u00e4miseen.<br \/>\nHenkil\u00f6tietoja k\u00e4sitell\u00e4\u00e4n edell\u00e4 lueteltujen toimenpiteiden<br \/>\nedellytt\u00e4m\u00e4n ajan. Kaatolupa Oy varmistaa, ett\u00e4 henkil\u00f6t,<br \/>\njoilla on oikeus k\u00e4sitell\u00e4 henkil\u00f6tietoja, ovat sitoutuneet<br \/>\nnoudattamaan salassapitovelvollisuutta.<br \/>\nHenkil\u00f6tietojen s\u00e4ilytys on osittain ulkoistettu ulkopuoliselle<br \/>\npalveluntarjoajalle. Ulkopuolinen palveluntarjoaja noudattaa<br \/>\nvoimassaolevia tietosuojalains\u00e4\u00e4d\u00e4nt\u00f6\u00e4 eik\u00e4 hy\u00f6dynn\u00e4<br \/>\nt\u00e4m\u00e4n henkil\u00f6rekisterin tietoja omia tarkoituksiaan varten.<\/p>\n<p><span style=\"font-size: 14pt;\"><strong>K\u00e4sitelt\u00e4v\u00e4t henkil\u00f6tiedot<\/strong><\/span><br \/>\nRekisterinpit\u00e4j\u00e4 k\u00e4sittelee asiakkaiden antamia henkil\u00f6tieoja,<br \/>\njoita ovat etu- ja sukunimi, puhelinnumero ja<br \/>\ns\u00e4hk\u00f6postiosoite. Asiakkaan henkil\u00f6tietojen yhteydess\u00e4<br \/>\nasiakas on my\u00f6s antanut tiedon siit\u00e4, jos h\u00e4n on antanut<br \/>\nsuostumuksen s\u00e4hk\u00f6iseen suoramarkkinointiin.<br \/>\nAsiakasrekisteri voi sis\u00e4lt\u00e4\u00e4 muita rekister\u00f6idyn antamia<br \/>\ntietoja, kuten asiakkaan osoitetietoja palveluiden ja<br \/>\ntuotteiden ostamista ja laskutusta varten.<br \/>\nRekisterinpit\u00e4j\u00e4 k\u00e4sittelee yritysasiakkaiden kohdalla<br \/>\nyritysasiakkaiden yhteyshenkil\u00f6n nimi, laskutusosoite,<br \/>\ns\u00e4hk\u00f6postiosoite ja puhelinnumerotietoja ja yhteyshenkil\u00f6n<br \/>\nilmoittamia lains\u00e4\u00e4d\u00e4nn\u00f6n mukaisia suoramainonnan<br \/>\nkieltotietoja.<\/p>\n<p><span style=\"font-size: 14pt;\"><strong>Mist\u00e4 henkil\u00f6tiedot saadaan<\/strong><\/span><br \/>\nAsiakasrekisteriss\u00e4 olevien henkil\u00f6tietojen l\u00e4htein\u00e4 ovat<br \/>\nrekister\u00f6ity itse antamat tiedot, palveluiden k\u00e4yt\u00f6st\u00e4<br \/>\nsaatavat tiedot sek\u00e4 mahdollisesti kolmansilta tahoilta<br \/>\nsaatavat tiedot. Rekisterinpit\u00e4j\u00e4 voi my\u00f6s itse tuottaa<br \/>\nhenkil\u00f6tietoja rekisteriin.<br \/>\nHenkil\u00f6tietojen vastaanottajat tai vastaanottajien ryhm\u00e4t<br \/>\nTietoja voidaan kuitenkin luovuttaa viranomaisille n\u00e4iden<br \/>\nlakiin perustuvien tietopyynt\u00f6jen perusteella.<br \/>\nAsiakasrekisteriss\u00e4 olevia tietoja voidaan luovuttaa<br \/>\nkolmannelle osapuolelle, joka toimii ulkopuolisena<br \/>\nohjelmistopalvelun tarjoajana.<\/p>\n<p><strong>Tietojen siirto EU:n ulkopuolelle<\/strong><br \/>\nYritys voi k\u00e4ytt\u00e4\u00e4 EU:n ulkopuolella olevan<br \/>\nsuoramarkkinointipalveluja tarjoavan yrityksen palveluja,<br \/>\njoka vastaa siit\u00e4, ett\u00e4 henkil\u00f6tietoja k\u00e4sitell\u00e4\u00e4n General Data<br \/>\nProtector Regulation (GDPR) mukaisesti. Yritys noudattaa<br \/>\nEU:n komission hyv\u00e4ksymi\u00e4 mallisopimuslausekkeita.<\/p>\n<p><span style=\"font-size: 14pt;\"><strong>Henkil\u00f6tietojen s\u00e4ilytysaika<\/strong><\/span><br \/>\nAsiakasrekisteriss\u00e4 olevia henkil\u00f6tietoja k\u00e4sitell\u00e4\u00e4n<br \/>\nasiakassuhteen ajan. Asiakassuhteen aikana k\u00e4sitell\u00e4\u00e4n vain<br \/>\nsellaisia tietoja, jotka ovat tarpeellisia m\u00e4\u00e4riteltyjen<br \/>\nk\u00e4ytt\u00f6tarkoitusten kannalta. Rekisterinpit\u00e4j\u00e4 suorittaa<br \/>\ns\u00e4\u00e4nn\u00f6llisesti m\u00e4\u00e4r\u00e4aikaistarkastuksia tarpeettomien tietojen<br \/>\npoistamiseksi.<br \/>\nAsiakasrekisteriss\u00e4 olevia henkil\u00f6tietoja s\u00e4ilytet\u00e4\u00e4n<br \/>\nmahdollisia reklamaatio- tai asiakaspalautteita varten,<br \/>\nlaskutus- tai perint\u00e4tapauksia varten sek\u00e4 yrityksen<br \/>\nliiketoiminnan seuraamista ja tilastointia varten niin kauan<br \/>\nkuin on tarpeellista. Kirjanpitolain tai muun soveltuvan lain<br \/>\nvelvoitteista johtuen tietoja voidaan s\u00e4ilytt\u00e4\u00e4 pidemp\u00e4\u00e4n.<br \/>\nYritysasiakkaiden yhteyshenkil\u00f6tietoihin sovelletaan samaa<br \/>\nk\u00e4yt\u00e4nt\u00f6\u00e4 kuin kuluttaja-asiakkaisiin.<br \/>\nKun asiakassuhde p\u00e4\u00e4ttyy, asiakkaiden tiedot voidaan siirt\u00e4\u00e4<br \/>\nyrityksen suoramarkkinointirekisteriin sellaisten henkil\u00f6iden<br \/>\nkohdalta, jotka eiv\u00e4t ole kielt\u00e4neet tietojensa k\u00e4ytt\u00f6\u00e4<br \/>\nsuoramarkkinointiin.<br \/>\nAsiakasrekisterin tiedot on talletettu palomuurein, salasanoin<br \/>\nja muin teknisin keinoin suojattuun tietokantaan, johon on<br \/>\np\u00e4\u00e4sy Kaatolupa Oy:n ty\u00f6ntekij\u00f6ill\u00e4.<\/p>\n<p><span style=\"font-size: 14pt;\"><strong>Rekister\u00f6idyn oikeuksista<\/strong><\/span><br \/>\nRekister\u00f6idyll\u00e4 on oikeus p\u00e4\u00e4st\u00e4 henkil\u00f6tietoihin ja tarkastaa<br \/>\nhenkil\u00f6rekisteriin talletetut tiedot. Rekister\u00f6idyll\u00e4 on oikeus<br \/>\npoistaa, oikaista, rajoittaa ja siirt\u00e4\u00e4 tietojaan j\u00e4rjestelm\u00e4st\u00e4<br \/>\ntoiseen. Rekister\u00f6idyll\u00e4 on my\u00f6s vastustamisoikeus.<\/p>\n<p>Asiakasrekisteriss\u00e4 olevia henkil\u00f6tietoja k\u00e4sitell\u00e4\u00e4n<br \/>\nrekisterinpit\u00e4j\u00e4n oikeutetun edun nojalla (tietosuoja-asetus<br \/>\nartikla 6 artikla 1 kohta e alakohta). T\u00e4ss\u00e4 tapauksessa<br \/>\noikeutetun edun muodostaa asiakassuhde. Henkil\u00f6tietoja<br \/>\nk\u00e4sitell\u00e4\u00e4n my\u00f6s rekisterinpit\u00e4j\u00e4n ja rekister\u00f6idyn v\u00e4lisen<br \/>\nsopimuksen perusteella. T\u00e4t\u00e4 k\u00e4sittelyperustetta on<br \/>\nselostettu tarkemmin tietosuojaselosteen kohdassa 4.<\/p>\n<p>Kun tietoja k\u00e4sitell\u00e4\u00e4n oikeutetun edun ja sopimuksen<br \/>\nnojalla, rekister\u00f6idyll\u00e4 on oikeus vaatia v\u00e4lit\u00f6nt\u00e4 oikaisua<br \/>\nep\u00e4tarkkoihin ja virheellisiin henkil\u00f6tietoihin. Oikeutetun<br \/>\nedun muodostaa asiakkuussuhde, jolloin rekister\u00f6idyll\u00e4 on<br \/>\nseuraavat oikeudet, jotka on esitelty alla.<\/p>\n<p><strong>Oikeus tietojen tarkastamiseen<\/strong><br \/>\nRekister\u00f6idyll\u00e4 on oikeus pyyt\u00e4\u00e4 p\u00e4\u00e4sy\u00e4 itse\u00e4\u00e4n koskeviin<br \/>\ntietoihin tarkastusoikeuteen vedoten.<\/p>\n<p><strong>Oikeus tietojen oikaisemiseen<\/strong><br \/>\nRekister\u00f6ity voi vaatia rekisterinpit\u00e4j\u00e4\u00e4 oikaisemaan<br \/>\nrekister\u00f6ity\u00e4 koskevat ep\u00e4tarkat ja virheelliset henkil\u00f6tiedot.<\/p>\n<p><strong>Oikeus tietojen poistamiseen<\/strong><br \/>\nRekisterinpit\u00e4j\u00e4n on rekister\u00f6idyn pyynn\u00f6st\u00e4 poistettava<br \/>\nrekister\u00f6ityj\u00e4 koskevat henkil\u00f6tiedot ilman aiheetonta<br \/>\nviivytyst\u00e4, jos henkil\u00f6tietoja ei en\u00e4\u00e4 tarvita niihin<br \/>\ntarkoitukseen, joita varten ne ker\u00e4ttiin tai k\u00e4siteltiin.<br \/>\nHenkil\u00f6tiedot on my\u00f6s poistettava, jos rekister\u00f6ity vastustaa<br \/>\nhenkil\u00f6tietojen k\u00e4sittely\u00e4 eik\u00e4 k\u00e4sittelyyn ole olemassa<br \/>\nperusteltua syyt\u00e4. Henkil\u00f6tiedot on poistettava rekister\u00f6idyn<br \/>\nvastustaessa henkil\u00f6tietojen k\u00e4sittely\u00e4 suoramarkkinointia<br \/>\nvarten ja niit\u00e4 on k\u00e4sitelty lainvastaisesti.<\/p>\n<p><strong>Oikeus vastustaa tietojensa k\u00e4sittely\u00e4<\/strong><br \/>\nRekister\u00f6idyll\u00e4 on oikeus vastustaa henkil\u00f6tietojensa<br \/>\nk\u00e4sittely\u00e4 henkil\u00f6kohtaiseen erityiseen tilanteeseen liittyv\u00e4ll\u00e4<br \/>\nperusteella, kun tietoja k\u00e4sitell\u00e4\u00e4n oikeutetun edun<br \/>\nperusteella.<br \/>\nJos rekister\u00f6ity on vastustanut tietojensa k\u00e4sittely\u00e4<br \/>\nhenkil\u00f6kohtaiseen erityiseen tilanteeseensa liittyv\u00e4ll\u00e4<br \/>\nperusteella, rekister\u00f6idyn tulee yksil\u00f6id\u00e4 erityinen tilanne,<br \/>\njohon perustuen h\u00e4n vastustaa oikeutetun edun perusteella<br \/>\ntapahtuvaa k\u00e4sittely\u00e4. Rekisterinpit\u00e4j\u00e4ll\u00e4 voi jatkaa tietojen<br \/>\nk\u00e4sittely\u00e4 vastustuksesta huolimatta, jos k\u00e4sittelyyn on<br \/>\nolemassa huomattavan t\u00e4rke\u00e4 ja perusteltu syy, joka<br \/>\nsyrj\u00e4ytt\u00e4\u00e4 rekister\u00f6idyn edut, oikeudet ja vapaudet tai jos se<br \/>\non tarpeen oikeusvaateen laatimiseksi, esitt\u00e4miseksi tai<br \/>\npuolustamiseksi.<br \/>\nRekister\u00f6idyll\u00e4 ei ole oikeutta vastustaa henkil\u00f6tietojen<br \/>\nk\u00e4sittely\u00e4, kun k\u00e4sittely perustuu sopimukseen.<\/p>\n<p><strong>Oikeus pyyt\u00e4\u00e4 k\u00e4sittelyn rajoittamista<\/strong><br \/>\nRekister\u00f6idyll\u00e4 on oikeus pyyt\u00e4\u00e4 henkil\u00f6tietojensa aktiivisen<br \/>\nk\u00e4sittelyn rajoittamista, jos rekister\u00f6ity kiist\u00e4\u00e4<br \/>\nhenkil\u00f6tietojensa paikkansa pit\u00e4vyyden tai k\u00e4sittely on<br \/>\nlainvastaista ja rekister\u00f6ity vaatii henkil\u00f6tietojensa<br \/>\npoistamisen sijaan tietojen k\u00e4sittelyn rajoittamista.<br \/>\nRekister\u00f6ity voi vaatia k\u00e4sittelyn rajoittamista, jos<br \/>\nrekisterinpit\u00e4j\u00e4 ei tarvitse en\u00e4\u00e4 kyseisi\u00e4 henkil\u00f6tietoja<br \/>\nk\u00e4sittelyn tarkoituksiin, mutta rekister\u00f6ity tarvitsee itse niit\u00e4<br \/>\noikeudellisen vaateen laatimiseksi, esitt\u00e4miseksi tai<br \/>\npuolustamiseksi. My\u00f6s siin\u00e4 tapauksessa k\u00e4sittely on<br \/>\nrajoitettava, jos rekisterinpit\u00e4j\u00e4n oikeutetut perusteet<br \/>\nhenkil\u00f6tietojen k\u00e4sittelyss\u00e4 vastaan rekister\u00f6idyn perusteet<br \/>\non kesken.<br \/>\nK\u00e4sittelyn rajoituksen kest\u00e4ess\u00e4 tietoja saa l\u00e4ht\u00f6kohtaisesti<br \/>\nvain s\u00e4ilytt\u00e4\u00e4. Tietoja saa k\u00e4sitell\u00e4 my\u00f6s oikeudellisen<br \/>\nvaateen laatimiseksi, esitt\u00e4miseksi tai puolustamiseksi taikka<br \/>\ntoisen luonnollisen henkil\u00f6n tai oikeushenkil\u00f6n oikeuksien<br \/>\nsuojaamiseksi tai t\u00e4rke\u00e4\u00e4 yleist\u00e4 etua koskevista syist\u00e4.<br \/>\nEnnen kuin k\u00e4sittelyn rajoitus poistetaan, siit\u00e4 on<br \/>\nilmoitettava rekister\u00f6idylle.<\/p>\n<p><strong>Oikeus siirt\u00e4\u00e4 tiedot j\u00e4rjestelm\u00e4st\u00e4 toiseen<\/strong><br \/>\nRekister\u00f6idyll\u00e4 on oikeus saada itselleen itse toimittamiaan<br \/>\nhenkil\u00f6tietoja tai rekisterinpit\u00e4j\u00e4n ja rekister\u00f6idyn v\u00e4lisen<br \/>\nsopimuksen nojalla automaattisen tietojenk\u00e4sittelyn avulla<br \/>\nker\u00e4ttyj\u00e4 henkil\u00f6tietoja. Rekister\u00f6idyll\u00e4 on oikeus siten vaatia<br \/>\nkoneluettavassa muodossa olevia tietoja sek\u00e4 siirt\u00e4\u00e4 niit\u00e4<br \/>\nsuoraan rekisterinpit\u00e4j\u00e4lt\u00e4 toiselle, jos se on teknisesti<br \/>\nmahdollista.<\/p>\n<p><strong>Oikeuksien k\u00e4ytt\u00e4mist\u00e4 koskeva pyynt\u00f6 tai vaatimus<\/strong><br \/>\nRekister\u00f6idyn tulee tehd\u00e4 tarkastusoikeutta koskeva pyynt\u00f6<br \/>\n2. kohdassa tarkoitetulle rekisterinpit\u00e4j\u00e4n edustajalle.<br \/>\nTarkastuspyynt\u00f6 tulee tehd\u00e4 kirjallisesti ja pyynn\u00f6ss\u00e4 tulee<br \/>\nolla rekister\u00f6idyn omak\u00e4tinen allekirjoitus. Rekisterinpit\u00e4j\u00e4ll\u00e4<br \/>\non my\u00f6s oikeus varmistaa pyynn\u00f6n tekij\u00e4n henkil\u00f6llisyys<br \/>\nvirallisesta henkil\u00f6llisyystodistuksesta ja muilla tarpeellisilla<br \/>\ntavoilla, joilla voidaan varmistaa se, ett\u00e4 henkil\u00f6tietoja ei<br \/>\nluovuteta muulle kuin rekister\u00f6idylle itselleen.<br \/>\nMit\u00e4 t\u00e4ss\u00e4 on todettu tarkastuspyynn\u00f6n tekemisest\u00e4, koskee<br \/>\nmy\u00f6s muun rekister\u00f6idyn oikeuden toteuttamista koskevaa<br \/>\npyynt\u00f6\u00e4 tai vaatimusta.<\/p>\n<p><span style=\"font-size: 14pt;\"><strong>Oikeus tehd\u00e4 valitus valvontaviranomaiselle<\/strong><\/span><br \/>\nRekister\u00f6idyll\u00e4 on oikeus tehd\u00e4 valitus toimivaltaiselle<br \/>\nvalvontaviranomaiselle, jos rekister\u00f6ity katsoo, ett\u00e4<br \/>\nrekisterinpit\u00e4j\u00e4 ei ole noudattanut toiminnassaan soveltuvaa<br \/>\ntietosuojas\u00e4\u00e4ntely\u00e4.<\/p>\n<p><span style=\"font-size: 14pt;\"><strong>Rekister\u00f6idyn oikeuksien k\u00e4ytt\u00e4miseen liittyv\u00e4t pyynn\u00f6t<\/strong><\/span><br \/>\nKaikissa henkil\u00f6tietojen k\u00e4sittelyyn liittyviss\u00e4 kysymyksiss\u00e4 ja<br \/>\nomien oikeuksien k\u00e4ytt\u00e4miseen liittyviss\u00e4 tilanteissa<br \/>\nrekister\u00f6idyn tulee ottaa yhteytt\u00e4 rekisterinpit\u00e4j\u00e4n Kaatolupa<br \/>\nOy:n edustajaan s\u00e4hk\u00f6postitse tai postitse osoitteeseen<br \/>\nRatsukatu 3, 02600 Espoo tai henkil\u00f6kohtaisesti<br \/>\nrekisterinpit\u00e4j\u00e4n toimipaikassa.<br \/>\nRekisterinpit\u00e4j\u00e4 voi tarvittaessa pyyt\u00e4\u00e4 rekister\u00f6ity\u00e4<br \/>\nt\u00e4sment\u00e4m\u00e4\u00e4n pyynt\u00f6\u00e4\u00e4n kirjallisesti ja rekister\u00f6idyn<br \/>\nhenkil\u00f6llisyys voidaan tarpeen vaatiessa varmentaa ennen<br \/>\nmuihin toimenpiteisiin ryhtymist\u00e4.<\/p>\n<p>Kaatolupa Oy seuraa tietosuojalains\u00e4\u00e4d\u00e4nn\u00f6n muutoksia sek\u00e4 haluaa kehitt\u00e4\u00e4 liiketoimintaansa<br \/>\njatkuvasti ja pid\u00e4tt\u00e4\u00e4 siksi oikeuden p\u00e4ivitt\u00e4\u00e4 t\u00e4t\u00e4 tietosuojaselostetta.<\/p>\n<p>Rekisteriseloste on p\u00e4ivitetty 21.5.2018<\/p>\n<p>&nbsp;<\/p>\n","protected":false},"excerpt":{"rendered":"<p>&nbsp; Kaatolupa Oy:n tietosuojaseloste &nbsp; T\u00e4ss\u00e4 tietosuojaselosteessa kuvataan, miten Kaatolupa Oy k\u00e4sittelee nykyisten ja potentiaalisten sek\u00e4 palvelujaan k\u00e4ytt\u00e4vien asiakkaiden henkil\u00f6tietoja asiakassuhdetoiminnassaan. Kaatolupa Oy sitoutuu Suomessa voimassaolevaa tietosuoja- ja henkil\u00f6lains\u00e4\u00e4d\u00e4nt\u00f6\u00e4, EU:n tietosuoja-asetusta sek\u00e4 muita toimintaan sovellettavia lakeja ja s\u00e4\u00e4d\u00f6ksi\u00e4. Rekisterinpit\u00e4j\u00e4 Rekisterinpit\u00e4j\u00e4n\u00e4 toimii Kaatolupa Oy, y-tunnus 2302974-6 Ratsukatu 3, 02100 Espoo. Edustaja rekisteriin liittyviss\u00e4 asioissa Rekisteriin ja [&hellip;]<\/p>\n","protected":false},"author":1,"featured_media":477,"parent":0,"menu_order":0,"comment_status":"closed","ping_status":"closed","template":"","meta":{"_et_pb_use_builder":"","_et_pb_old_content":"","_et_gb_content_width":"","footnotes":""},"class_list":["post-980","page","type-page","status-publish","has-post-thumbnail","hentry"],"yoast_head":"<!-- This site is optimized with the Yoast SEO plugin v27.0 - https:\/\/yoast.com\/product\/yoast-seo-wordpress\/ -->\n<title>Tietosuojaseloste - Tapiolan Keilahalli<\/title>\n<meta name=\"robots\" content=\"index, follow, max-snippet:-1, max-image-preview:large, max-video-preview:-1\" \/>\n<link rel=\"canonical\" href=\"https:\/\/tapiolankeilahalli.fi\/en\/tietosuojaseloste\/\" \/>\n<meta property=\"og:locale\" content=\"en_US\" \/>\n<meta property=\"og:type\" content=\"article\" \/>\n<meta property=\"og:title\" content=\"Tietosuojaseloste - Tapiolan Keilahalli\" \/>\n<meta property=\"og:description\" content=\"&nbsp; Kaatolupa Oy:n tietosuojaseloste &nbsp; T\u00e4ss\u00e4 tietosuojaselosteessa kuvataan, miten Kaatolupa Oy k\u00e4sittelee nykyisten ja potentiaalisten sek\u00e4 palvelujaan k\u00e4ytt\u00e4vien asiakkaiden henkil\u00f6tietoja asiakassuhdetoiminnassaan. Kaatolupa Oy sitoutuu Suomessa voimassaolevaa tietosuoja- ja henkil\u00f6lains\u00e4\u00e4d\u00e4nt\u00f6\u00e4, EU:n tietosuoja-asetusta sek\u00e4 muita toimintaan sovellettavia lakeja ja s\u00e4\u00e4d\u00f6ksi\u00e4. Rekisterinpit\u00e4j\u00e4 Rekisterinpit\u00e4j\u00e4n\u00e4 toimii Kaatolupa Oy, y-tunnus 2302974-6 Ratsukatu 3, 02100 Espoo. Edustaja rekisteriin liittyviss\u00e4 asioissa Rekisteriin ja [&hellip;]\" \/>\n<meta property=\"og:url\" content=\"https:\/\/tapiolankeilahalli.fi\/en\/tietosuojaseloste\/\" \/>\n<meta property=\"og:site_name\" content=\"Tapiolan Keilahalli\" \/>\n<meta property=\"article:publisher\" content=\"https:\/\/www.facebook.com\/tapiolankeilahalli\/\" \/>\n<meta property=\"article:modified_time\" content=\"2021-02-04T15:03:44+00:00\" \/>\n<meta property=\"og:image\" content=\"https:\/\/tapiolankeilahalli.fi\/wp-content\/uploads\/2017\/11\/keilailu-slider2.jpg\" \/>\n\t<meta property=\"og:image:width\" content=\"1500\" \/>\n\t<meta property=\"og:image:height\" content=\"1000\" \/>\n\t<meta property=\"og:image:type\" content=\"image\/jpeg\" \/>\n<meta name=\"twitter:card\" content=\"summary_large_image\" \/>\n<meta name=\"twitter:label1\" content=\"Est. reading time\" \/>\n\t<meta name=\"twitter:data1\" content=\"7 minutes\" \/>\n<script type=\"application\/ld+json\" class=\"yoast-schema-graph\">{\"@context\":\"https:\/\/schema.org\",\"@graph\":[{\"@type\":\"WebPage\",\"@id\":\"https:\/\/tapiolankeilahalli.fi\/en\/tietosuojaseloste\/\",\"url\":\"https:\/\/tapiolankeilahalli.fi\/en\/tietosuojaseloste\/\",\"name\":\"Tietosuojaseloste - Tapiolan Keilahalli\",\"isPartOf\":{\"@id\":\"https:\/\/tapiolankeilahalli.fi\/en\/#website\"},\"primaryImageOfPage\":{\"@id\":\"https:\/\/tapiolankeilahalli.fi\/en\/tietosuojaseloste\/#primaryimage\"},\"image\":{\"@id\":\"https:\/\/tapiolankeilahalli.fi\/en\/tietosuojaseloste\/#primaryimage\"},\"thumbnailUrl\":\"https:\/\/tapiolankeilahalli.fi\/wp-content\/uploads\/2017\/11\/keilailu-slider2.jpg\",\"datePublished\":\"2018-05-21T07:15:26+00:00\",\"dateModified\":\"2021-02-04T15:03:44+00:00\",\"breadcrumb\":{\"@id\":\"https:\/\/tapiolankeilahalli.fi\/en\/tietosuojaseloste\/#breadcrumb\"},\"inLanguage\":\"en-US\",\"potentialAction\":[{\"@type\":\"ReadAction\",\"target\":[\"https:\/\/tapiolankeilahalli.fi\/en\/tietosuojaseloste\/\"]}]},{\"@type\":\"ImageObject\",\"inLanguage\":\"en-US\",\"@id\":\"https:\/\/tapiolankeilahalli.fi\/en\/tietosuojaseloste\/#primaryimage\",\"url\":\"https:\/\/tapiolankeilahalli.fi\/wp-content\/uploads\/2017\/11\/keilailu-slider2.jpg\",\"contentUrl\":\"https:\/\/tapiolankeilahalli.fi\/wp-content\/uploads\/2017\/11\/keilailu-slider2.jpg\",\"width\":1500,\"height\":1000},{\"@type\":\"BreadcrumbList\",\"@id\":\"https:\/\/tapiolankeilahalli.fi\/en\/tietosuojaseloste\/#breadcrumb\",\"itemListElement\":[{\"@type\":\"ListItem\",\"position\":1,\"name\":\"Home\",\"item\":\"https:\/\/tapiolankeilahalli.fi\/en\/\"},{\"@type\":\"ListItem\",\"position\":2,\"name\":\"Tietosuojaseloste\"}]},{\"@type\":\"WebSite\",\"@id\":\"https:\/\/tapiolankeilahalli.fi\/en\/#website\",\"url\":\"https:\/\/tapiolankeilahalli.fi\/en\/\",\"name\":\"Tapiolan Keilahalli\",\"description\":\"Seriously fun\",\"potentialAction\":[{\"@type\":\"SearchAction\",\"target\":{\"@type\":\"EntryPoint\",\"urlTemplate\":\"https:\/\/tapiolankeilahalli.fi\/en\/?s={search_term_string}\"},\"query-input\":{\"@type\":\"PropertyValueSpecification\",\"valueRequired\":true,\"valueName\":\"search_term_string\"}}],\"inLanguage\":\"en-US\"}]}<\/script>\n<!-- \/ Yoast SEO plugin. -->","yoast_head_json":{"title":"Tietosuojaseloste - Tapiolan Keilahalli","robots":{"index":"index","follow":"follow","max-snippet":"max-snippet:-1","max-image-preview":"max-image-preview:large","max-video-preview":"max-video-preview:-1"},"canonical":"https:\/\/tapiolankeilahalli.fi\/en\/tietosuojaseloste\/","og_locale":"en_US","og_type":"article","og_title":"Tietosuojaseloste - Tapiolan Keilahalli","og_description":"&nbsp; Kaatolupa Oy:n tietosuojaseloste &nbsp; T\u00e4ss\u00e4 tietosuojaselosteessa kuvataan, miten Kaatolupa Oy k\u00e4sittelee nykyisten ja potentiaalisten sek\u00e4 palvelujaan k\u00e4ytt\u00e4vien asiakkaiden henkil\u00f6tietoja asiakassuhdetoiminnassaan. Kaatolupa Oy sitoutuu Suomessa voimassaolevaa tietosuoja- ja henkil\u00f6lains\u00e4\u00e4d\u00e4nt\u00f6\u00e4, EU:n tietosuoja-asetusta sek\u00e4 muita toimintaan sovellettavia lakeja ja s\u00e4\u00e4d\u00f6ksi\u00e4. Rekisterinpit\u00e4j\u00e4 Rekisterinpit\u00e4j\u00e4n\u00e4 toimii Kaatolupa Oy, y-tunnus 2302974-6 Ratsukatu 3, 02100 Espoo. Edustaja rekisteriin liittyviss\u00e4 asioissa Rekisteriin ja [&hellip;]","og_url":"https:\/\/tapiolankeilahalli.fi\/en\/tietosuojaseloste\/","og_site_name":"Tapiolan Keilahalli","article_publisher":"https:\/\/www.facebook.com\/tapiolankeilahalli\/","article_modified_time":"2021-02-04T15:03:44+00:00","og_image":[{"width":1500,"height":1000,"url":"https:\/\/tapiolankeilahalli.fi\/wp-content\/uploads\/2017\/11\/keilailu-slider2.jpg","type":"image\/jpeg"}],"twitter_card":"summary_large_image","twitter_misc":{"Est. reading time":"7 minutes"},"schema":{"@context":"https:\/\/schema.org","@graph":[{"@type":"WebPage","@id":"https:\/\/tapiolankeilahalli.fi\/en\/tietosuojaseloste\/","url":"https:\/\/tapiolankeilahalli.fi\/en\/tietosuojaseloste\/","name":"Tietosuojaseloste - Tapiolan Keilahalli","isPartOf":{"@id":"https:\/\/tapiolankeilahalli.fi\/en\/#website"},"primaryImageOfPage":{"@id":"https:\/\/tapiolankeilahalli.fi\/en\/tietosuojaseloste\/#primaryimage"},"image":{"@id":"https:\/\/tapiolankeilahalli.fi\/en\/tietosuojaseloste\/#primaryimage"},"thumbnailUrl":"https:\/\/tapiolankeilahalli.fi\/wp-content\/uploads\/2017\/11\/keilailu-slider2.jpg","datePublished":"2018-05-21T07:15:26+00:00","dateModified":"2021-02-04T15:03:44+00:00","breadcrumb":{"@id":"https:\/\/tapiolankeilahalli.fi\/en\/tietosuojaseloste\/#breadcrumb"},"inLanguage":"en-US","potentialAction":[{"@type":"ReadAction","target":["https:\/\/tapiolankeilahalli.fi\/en\/tietosuojaseloste\/"]}]},{"@type":"ImageObject","inLanguage":"en-US","@id":"https:\/\/tapiolankeilahalli.fi\/en\/tietosuojaseloste\/#primaryimage","url":"https:\/\/tapiolankeilahalli.fi\/wp-content\/uploads\/2017\/11\/keilailu-slider2.jpg","contentUrl":"https:\/\/tapiolankeilahalli.fi\/wp-content\/uploads\/2017\/11\/keilailu-slider2.jpg","width":1500,"height":1000},{"@type":"BreadcrumbList","@id":"https:\/\/tapiolankeilahalli.fi\/en\/tietosuojaseloste\/#breadcrumb","itemListElement":[{"@type":"ListItem","position":1,"name":"Home","item":"https:\/\/tapiolankeilahalli.fi\/en\/"},{"@type":"ListItem","position":2,"name":"Tietosuojaseloste"}]},{"@type":"WebSite","@id":"https:\/\/tapiolankeilahalli.fi\/en\/#website","url":"https:\/\/tapiolankeilahalli.fi\/en\/","name":"Tapiolan Keilahalli","description":"Seriously fun","potentialAction":[{"@type":"SearchAction","target":{"@type":"EntryPoint","urlTemplate":"https:\/\/tapiolankeilahalli.fi\/en\/?s={search_term_string}"},"query-input":{"@type":"PropertyValueSpecification","valueRequired":true,"valueName":"search_term_string"}}],"inLanguage":"en-US"}]}},"_links":{"self":[{"href":"https:\/\/tapiolankeilahalli.fi\/en\/wp-json\/wp\/v2\/pages\/980","targetHints":{"allow":["GET"]}}],"collection":[{"href":"https:\/\/tapiolankeilahalli.fi\/en\/wp-json\/wp\/v2\/pages"}],"about":[{"href":"https:\/\/tapiolankeilahalli.fi\/en\/wp-json\/wp\/v2\/types\/page"}],"author":[{"embeddable":true,"href":"https:\/\/tapiolankeilahalli.fi\/en\/wp-json\/wp\/v2\/users\/1"}],"replies":[{"embeddable":true,"href":"https:\/\/tapiolankeilahalli.fi\/en\/wp-json\/wp\/v2\/comments?post=980"}],"version-history":[{"count":4,"href":"https:\/\/tapiolankeilahalli.fi\/en\/wp-json\/wp\/v2\/pages\/980\/revisions"}],"predecessor-version":[{"id":2604,"href":"https:\/\/tapiolankeilahalli.fi\/en\/wp-json\/wp\/v2\/pages\/980\/revisions\/2604"}],"wp:featuredmedia":[{"embeddable":true,"href":"https:\/\/tapiolankeilahalli.fi\/en\/wp-json\/wp\/v2\/media\/477"}],"wp:attachment":[{"href":"https:\/\/tapiolankeilahalli.fi\/en\/wp-json\/wp\/v2\/media?parent=980"}],"curies":[{"name":"wp","href":"https:\/\/api.w.org\/{rel}","templated":true}]}}